{"id":9317,"date":"2025-12-01T16:32:03","date_gmt":"2025-12-01T14:32:03","guid":{"rendered":"https:\/\/atelier-bang.com\/?page_id=9317"},"modified":"2026-03-28T10:57:13","modified_gmt":"2026-03-28T08:57:13","slug":"a-propos","status":"publish","type":"page","link":"https:\/\/atelier-bang.com\/en\/a-propos\/","title":{"rendered":"A propos"},"content":{"rendered":"<div class=\"wpb-content-wrapper\"><div id=\"ut-row-69e61e9b5534f\" data-vc-full-width=\"true\" data-vc-full-width-init=\"false\" class=\"vc_row wpb_row vc_row-fluid vc_column-gap-0 ut-row-69e61e9b5535c\" ><div class=\"wpb_column vc_column_container vc_col-sm-12\" ><div id=\"ut_inner_column_69e61e9b55877\" class=\"vc_column-inner\" ><div class=\"wpb_wrapper\">\r\n\t<div class=\"wpb_raw_code wpb_raw_html wpb_content_element\" >\r\n\t\t<div class=\"wpb_wrapper\">\r\n\t\t\t<section id=\"a-propos\" class=\"bang-about\">\n  <style>\n    .bang-about {\n      background: transparent;\n      color: #e7e7e7;\n      padding: 80px 20px;\n      font-family: \"League Spartan\", system-ui, -apple-system, BlinkMacSystemFont, \"Segoe UI\", sans-serif;\n    }\n\n    .bang-about-inner {\n      max-width: 1100px;\n      margin: 0 auto;\n      border-top: 1px solid rgba(255, 255, 255, 0.06);\n      padding-top: 40px;\n    }\n\n    .bang-about-tagline {\n      text-transform: uppercase;\n      letter-spacing: 0.22em;\n      font-size: 0.72rem;\n      color: #8d8d8d;\n      margin-bottom: 10px;\n    }\n\n    .bang-about h2 {\n      font-size: 2.6rem;\n      line-height: 1.05;\n      margin: 0 0 18px;\n      text-transform: lowercase;\n      font-weight: 500;\n    }\n\n    .bang-about-lead {\n      font-size: 1.05rem;\n      line-height: 1.8;\n      color: #cfcfcf;\n      max-width: 720px;\n      margin-bottom: 28px;\n    }\n\n    .bang-about-meta {\n      margin-bottom: 32px;\n      font-size: 0.8rem;\n      text-transform: uppercase;\n      letter-spacing: 0.18em;\n      color: #a3a3a3;\n      display: flex;\n      flex-wrap: wrap;\n      gap: 10px 26px;\n    }\n\n    .bang-about-meta span {\n      white-space: nowrap;\n    }\n\n    .bang-about-grid {\n      display: grid;\n      grid-template-columns: repeat(3, minmax(0, 1fr));\n      gap: 26px;\n      margin-bottom: 32px;\n    }\n\n    .bang-about-block {\n      border-radius: 18px;\n      padding: 22px 20px;\n      border: 1px solid rgba(255, 255, 255, 0.04);\n      background: radial-gradient(circle at top left, rgba(255, 255, 255, 0.03), rgba(0, 0, 0, 0.4));\n    }\n\n    .bang-about-block h3 {\n      font-size: 0.85rem;\n      text-transform: uppercase;\n      letter-spacing: 0.2em;\n      margin: 0 0 12px;\n      color: #f3f3f3;\n    }\n\n    .bang-about-block p {\n      font-size: 0.95rem;\n      line-height: 1.7;\n      color: #c4c4c4;\n      margin: 0;\n    }\n\n    .bang-about-note {\n      font-size: 0.9rem;\n      line-height: 1.7;\n      color: #b8b8b8;\n      max-width: 760px;\n      border-left: 1px solid rgba(255, 255, 255, 0.07);\n      padding-left: 18px;\n      margin-top: 10px;\n    }\n\n    @media (max-width: 900px) {\n      .bang-about {\n        padding: 60px 16px;\n      }\n      .bang-about-inner {\n        padding-top: 28px;\n      }\n      .bang-about h2 {\n        font-size: 2.1rem;\n      }\n      .bang-about-grid {\n        grid-template-columns: 1fr;\n      }\n    }\n  <\/style>\n\n  <div class=\"bang-about-inner\">\n    <div class=\"bang-about-tagline\">bang. \/ maison de montres automatiques<\/div>\n    <h2>\u00c0 propos de bang.<\/h2>\n\n    <p class=\"bang-about-lead\">\n      bang. est une maison ind\u00e9pendante bas\u00e9e \u00e0 Poitiers. Je con\u00e7ois et assemble des montres\n      automatiques sur mesure, en pi\u00e8ces uniques ou en mini-s\u00e9ries, pour ceux qui pr\u00e9f\u00e8rent\n      une montre pens\u00e9e pour eux plut\u00f4t qu\u2019un mod\u00e8le de vitrine.\n    <\/p>\n\n    <div class=\"bang-about-meta\">\n      <span>assemblage \u00e0 poitiers<\/span>\n      <span>pi\u00e8ces uniques & s\u00e9ries limit\u00e9es<\/span>\n      <span>verre saphir & \u00e9tanch\u00e9it\u00e9 100&nbsp;m min.<\/span>\n      <span>mouvements japonais nh35<\/span>\n    <\/div>\n\n    <div class=\"bang-about-grid\">\n      <div class=\"bang-about-block\">\n        <h3>philosophie<\/h3>\n        <p>\n          Peu de montres, beaucoup d\u2019attention. Chaque projet est construit autour de votre usage\n          et de votre univers, avec une contrainte claire&nbsp;: cr\u00e9er un objet que vous aurez envie\n          de porter tous les jours, pas seulement d\u2019exposer.\n        <\/p>\n      <\/div>\n\n      <div class=\"bang-about-block\">\n        <h3>fabrication<\/h3>\n        <p>\n          Bo\u00eetiers acier, verres saphir avant \/ arri\u00e8re, couronne \u00e0 triple \u00e9tanch\u00e9it\u00e9, mouvements\n          NH35 s\u00e9lectionn\u00e9s pour leur fiabilit\u00e9 et bracelets issus de fournisseurs sp\u00e9cialis\u00e9s.\n          Chaque pi\u00e8ce est mont\u00e9e, contr\u00f4l\u00e9e et r\u00e9gl\u00e9e \u00e0 Poitiers.\n        <\/p>\n      <\/div>\n\n      <div class=\"bang-about-block\">\n        <h3>exp\u00e9rience<\/h3>\n        <p>\n          Pas de catalogue infini. On \u00e9change, on d\u00e9finit une configuration pr\u00e9cise, puis je ne\n          produis que votre montre. Les cr\u00e9neaux sont volontairement limit\u00e9s afin de garder le\n          contr\u00f4le sur le niveau de finition et les d\u00e9lais.\n        <\/p>\n      <\/div>\n    <\/div>\n\n    <p class=\"bang-about-note\">\n      Chaque montre est num\u00e9rot\u00e9e et livr\u00e9e avec son passeport num\u00e9rique bang.&nbsp;:\n      identit\u00e9 compl\u00e8te de la pi\u00e8ce, historique d\u2019entretien, preuve de provenance.\n      Une montre con\u00e7ue pour durer, document\u00e9e comme un objet de collection.\n    <\/p>\n  <\/div>\n<\/section>\n\r\n\t\t<\/div>\r\n\t<\/div>\r\n<\/div><\/div><\/div><\/div><div class=\"vc_row-full-width vc_clearfix\"><\/div>\n<\/div>","protected":false},"excerpt":{"rendered":"bang. \/ maison de montres automatiques \u00c0 propos de bang. bang. est une maison ind\u00e9pendante bas\u00e9e \u00e0 Poitiers. Je con\u00e7ois et assemble des montres automatiques sur mesure, en pi\u00e8ces uniques ou en mini-s\u00e9ries, pour ceux qui pr\u00e9f\u00e8rent une montre pens\u00e9e pour eux plut\u00f4t qu\u2019un mod\u00e8le de vitrine. assemblage \u00e0 poitiers pi\u00e8ces uniques & s\u00e9ries limit\u00e9es [...]","protected":false},"author":1,"featured_media":0,"parent":0,"menu_order":0,"comment_status":"closed","ping_status":"closed","template":"","meta":{"footnotes":""},"class_list":["post-9317","page","type-page","status-publish","hentry"],"yoast_head":"<!-- This site is optimized with the Yoast SEO plugin v26.8 - https:\/\/yoast.com\/product\/yoast-seo-wordpress\/ -->\n<title>\u00c0 propos \u2014 Atelier horloger artisanal | bang. Poitiers<\/title>\n<meta name=\"description\" content=\"Maison ind\u00e9pendante bas\u00e9e \u00e0 Poitiers. Montres automatiques sur mesure, assembl\u00e9es \u00e0 la main, pi\u00e8ces uniques. Mouvements NH35, verre saphir, \u00e9tanch\u00e9it\u00e9 100 m. 77 cr\u00e9ations.\" \/>\n<meta name=\"robots\" content=\"index, follow, max-snippet:-1, max-image-preview:large, max-video-preview:-1\" \/>\n<link rel=\"canonical\" href=\"https:\/\/atelier-bang.com\/en\/a-propos\/\" \/>\n<meta property=\"og:locale\" content=\"en_US\" \/>\n<meta property=\"og:type\" content=\"article\" \/>\n<meta property=\"og:title\" content=\"\u00c0 propos \u2014 Atelier horloger artisanal | bang. Poitiers\" \/>\n<meta property=\"og:description\" content=\"Maison ind\u00e9pendante bas\u00e9e \u00e0 Poitiers. Montres automatiques sur mesure, assembl\u00e9es \u00e0 la main, pi\u00e8ces uniques. Mouvements NH35, verre saphir, \u00e9tanch\u00e9it\u00e9 100 m. 77 cr\u00e9ations.\" \/>\n<meta property=\"og:url\" content=\"https:\/\/atelier-bang.com\/en\/a-propos\/\" \/>\n<meta property=\"og:site_name\" content=\"bang. atelier de montres uniques\" \/>\n<meta property=\"article:modified_time\" content=\"2026-03-28T08:57:13+00:00\" \/>\n<meta name=\"twitter:card\" content=\"summary_large_image\" \/>\n<meta name=\"twitter:label1\" content=\"Est. reading time\" \/>\n\t<meta name=\"twitter:data1\" content=\"1 minute\" \/>\n<script type=\"application\/ld+json\" class=\"yoast-schema-graph\">{\"@context\":\"https:\/\/schema.org\",\"@graph\":[{\"@type\":\"WebPage\",\"@id\":\"https:\/\/atelier-bang.com\/a-propos\/\",\"url\":\"https:\/\/atelier-bang.com\/a-propos\/\",\"name\":\"\u00c0 propos \u2014 Atelier horloger artisanal | bang. Poitiers\",\"isPartOf\":{\"@id\":\"https:\/\/atelier-bang.com\/#website\"},\"datePublished\":\"2025-12-01T14:32:03+00:00\",\"dateModified\":\"2026-03-28T08:57:13+00:00\",\"description\":\"Maison ind\u00e9pendante bas\u00e9e \u00e0 Poitiers. Montres automatiques sur mesure, assembl\u00e9es \u00e0 la main, pi\u00e8ces uniques. Mouvements NH35, verre saphir, \u00e9tanch\u00e9it\u00e9 100 m. 77 cr\u00e9ations.\",\"breadcrumb\":{\"@id\":\"https:\/\/atelier-bang.com\/a-propos\/#breadcrumb\"},\"inLanguage\":\"en-US\",\"potentialAction\":[{\"@type\":\"ReadAction\",\"target\":[\"https:\/\/atelier-bang.com\/a-propos\/\"]}]},{\"@type\":\"BreadcrumbList\",\"@id\":\"https:\/\/atelier-bang.com\/a-propos\/#breadcrumb\",\"itemListElement\":[{\"@type\":\"ListItem\",\"position\":1,\"name\":\"Accueil\",\"item\":\"https:\/\/atelier-bang.com\/\"},{\"@type\":\"ListItem\",\"position\":2,\"name\":\"A propos\"}]},{\"@type\":\"WebSite\",\"@id\":\"https:\/\/atelier-bang.com\/#website\",\"url\":\"https:\/\/atelier-bang.com\/\",\"name\":\"bang . atelier de montre sur-mesure\",\"description\":\"Choisissez une montre qui vous ressemble\",\"publisher\":{\"@id\":\"https:\/\/atelier-bang.com\/#organization\"},\"potentialAction\":[{\"@type\":\"SearchAction\",\"target\":{\"@type\":\"EntryPoint\",\"urlTemplate\":\"https:\/\/atelier-bang.com\/?s={search_term_string}\"},\"query-input\":{\"@type\":\"PropertyValueSpecification\",\"valueRequired\":true,\"valueName\":\"search_term_string\"}}],\"inLanguage\":\"en-US\"},{\"@type\":\"Organization\",\"@id\":\"https:\/\/atelier-bang.com\/#organization\",\"name\":\"bang . atelier de montre sur-mesure\",\"url\":\"https:\/\/atelier-bang.com\/\",\"logo\":{\"@type\":\"ImageObject\",\"inLanguage\":\"en-US\",\"@id\":\"https:\/\/atelier-bang.com\/#\/schema\/logo\/image\/\",\"url\":\"https:\/\/atelier-bang.com\/wp-content\/uploads\/2024\/11\/Design_sans_titre__7_-removebg-preview.png\",\"contentUrl\":\"https:\/\/atelier-bang.com\/wp-content\/uploads\/2024\/11\/Design_sans_titre__7_-removebg-preview.png\",\"width\":250,\"height\":250,\"caption\":\"bang . atelier de montre sur-mesure\"},\"image\":{\"@id\":\"https:\/\/atelier-bang.com\/#\/schema\/logo\/image\/\"},\"sameAs\":[\"https:\/\/www.instagram.com\/bang.poitiers\/\"]}]}<\/script>\n<!-- \/ Yoast SEO plugin. -->","yoast_head_json":{"title":"\u00c0 propos \u2014 Atelier horloger artisanal | bang. Poitiers","description":"Maison ind\u00e9pendante bas\u00e9e \u00e0 Poitiers. Montres automatiques sur mesure, assembl\u00e9es \u00e0 la main, pi\u00e8ces uniques. Mouvements NH35, verre saphir, \u00e9tanch\u00e9it\u00e9 100 m. 77 cr\u00e9ations.","robots":{"index":"index","follow":"follow","max-snippet":"max-snippet:-1","max-image-preview":"max-image-preview:large","max-video-preview":"max-video-preview:-1"},"canonical":"https:\/\/atelier-bang.com\/en\/a-propos\/","og_locale":"en_US","og_type":"article","og_title":"\u00c0 propos \u2014 Atelier horloger artisanal | bang. Poitiers","og_description":"Maison ind\u00e9pendante bas\u00e9e \u00e0 Poitiers. Montres automatiques sur mesure, assembl\u00e9es \u00e0 la main, pi\u00e8ces uniques. Mouvements NH35, verre saphir, \u00e9tanch\u00e9it\u00e9 100 m. 77 cr\u00e9ations.","og_url":"https:\/\/atelier-bang.com\/en\/a-propos\/","og_site_name":"bang. atelier de montres uniques","article_modified_time":"2026-03-28T08:57:13+00:00","twitter_card":"summary_large_image","twitter_misc":{"Est. reading time":"1 minute"},"schema":{"@context":"https:\/\/schema.org","@graph":[{"@type":"WebPage","@id":"https:\/\/atelier-bang.com\/a-propos\/","url":"https:\/\/atelier-bang.com\/a-propos\/","name":"\u00c0 propos \u2014 Atelier horloger artisanal | bang. Poitiers","isPartOf":{"@id":"https:\/\/atelier-bang.com\/#website"},"datePublished":"2025-12-01T14:32:03+00:00","dateModified":"2026-03-28T08:57:13+00:00","description":"Maison ind\u00e9pendante bas\u00e9e \u00e0 Poitiers. Montres automatiques sur mesure, assembl\u00e9es \u00e0 la main, pi\u00e8ces uniques. Mouvements NH35, verre saphir, \u00e9tanch\u00e9it\u00e9 100 m. 77 cr\u00e9ations.","breadcrumb":{"@id":"https:\/\/atelier-bang.com\/a-propos\/#breadcrumb"},"inLanguage":"en-US","potentialAction":[{"@type":"ReadAction","target":["https:\/\/atelier-bang.com\/a-propos\/"]}]},{"@type":"BreadcrumbList","@id":"https:\/\/atelier-bang.com\/a-propos\/#breadcrumb","itemListElement":[{"@type":"ListItem","position":1,"name":"Accueil","item":"https:\/\/atelier-bang.com\/"},{"@type":"ListItem","position":2,"name":"A propos"}]},{"@type":"WebSite","@id":"https:\/\/atelier-bang.com\/#website","url":"https:\/\/atelier-bang.com\/","name":"bang . atelier de montre sur-mesure","description":"Choisissez une montre qui vous ressemble","publisher":{"@id":"https:\/\/atelier-bang.com\/#organization"},"potentialAction":[{"@type":"SearchAction","target":{"@type":"EntryPoint","urlTemplate":"https:\/\/atelier-bang.com\/?s={search_term_string}"},"query-input":{"@type":"PropertyValueSpecification","valueRequired":true,"valueName":"search_term_string"}}],"inLanguage":"en-US"},{"@type":"Organization","@id":"https:\/\/atelier-bang.com\/#organization","name":"bang . atelier de montre sur-mesure","url":"https:\/\/atelier-bang.com\/","logo":{"@type":"ImageObject","inLanguage":"en-US","@id":"https:\/\/atelier-bang.com\/#\/schema\/logo\/image\/","url":"https:\/\/atelier-bang.com\/wp-content\/uploads\/2024\/11\/Design_sans_titre__7_-removebg-preview.png","contentUrl":"https:\/\/atelier-bang.com\/wp-content\/uploads\/2024\/11\/Design_sans_titre__7_-removebg-preview.png","width":250,"height":250,"caption":"bang . atelier de montre sur-mesure"},"image":{"@id":"https:\/\/atelier-bang.com\/#\/schema\/logo\/image\/"},"sameAs":["https:\/\/www.instagram.com\/bang.poitiers\/"]}]}},"_links":{"self":[{"href":"https:\/\/atelier-bang.com\/en\/wp-json\/wp\/v2\/pages\/9317","targetHints":{"allow":["GET"]}}],"collection":[{"href":"https:\/\/atelier-bang.com\/en\/wp-json\/wp\/v2\/pages"}],"about":[{"href":"https:\/\/atelier-bang.com\/en\/wp-json\/wp\/v2\/types\/page"}],"author":[{"embeddable":true,"href":"https:\/\/atelier-bang.com\/en\/wp-json\/wp\/v2\/users\/1"}],"replies":[{"embeddable":true,"href":"https:\/\/atelier-bang.com\/en\/wp-json\/wp\/v2\/comments?post=9317"}],"version-history":[{"count":4,"href":"https:\/\/atelier-bang.com\/en\/wp-json\/wp\/v2\/pages\/9317\/revisions"}],"predecessor-version":[{"id":9321,"href":"https:\/\/atelier-bang.com\/en\/wp-json\/wp\/v2\/pages\/9317\/revisions\/9321"}],"wp:attachment":[{"href":"https:\/\/atelier-bang.com\/en\/wp-json\/wp\/v2\/media?parent=9317"}],"curies":[{"name":"wp","href":"https:\/\/api.w.org\/{rel}","templated":true}]}}